{"id":29,"date":"2013-09-27T17:06:14","date_gmt":"2013-09-27T17:06:14","guid":{"rendered":"http:\/\/essen-sued.de\/website\/?page_id=29"},"modified":"2018-06-03T12:13:12","modified_gmt":"2018-06-03T12:13:12","slug":"kontakt-und-impressum","status":"publish","type":"page","link":"https:\/\/essen-sued.de\/website\/kontakt-und-impressum\/","title":{"rendered":"Kontakt und Impressum"},"content":{"rendered":"<p>Anbieterin und Verantwortliche der Webseite i.S.d. TDG\/ MDStV:<br \/>\nDorothea Herrmann<br \/>\nSchornstr. 7, 45128 Essen<br \/>\nMail: mail@essen-sued.de<\/p>\n<p>Ich sichte die Webseiten, auf die von hier aus verlinkt wird, und pr\u00fcfe, ob auf diesen Seiten alles rechtens ist. Trotzdem kann ich keine Garantie daf\u00fcr \u00fcbernehmen, dass dort z.B. nicht Gesetze verletzt werden (verbotene Inhalte, Urheber-, Marken- oder Pers\u00f6nlichkeitsrechtsverletzungen, &#8230;). Schlie\u00dflich k\u00f6nnen die Inhalte der Seiten, auf die ich verlinke, wie auch das Gesamtangebot auf den Webseiten, zu denen der Link geh\u00f6rt, jederzeit ver\u00e4ndert werden. Gleiches gilt f\u00fcr die Aktualit\u00e4t und Korrektheit der dort dargestellten Informationen. Und es kann passieren, dass Links, die zum Zeitpunkt der Einrichtung treffsicher zum Ziel f\u00fchrten, durch den Betreiber einer Webseite ver\u00e4ndert werden, so dass ein Link sp\u00e4ter nicht mehr zum gew\u00fcnschten Ergebnis f\u00fchrt.<br \/>\n<strong>Datenschutz<\/strong><br \/>\n<a href=\"https:\/\/essen-sued.de\/website\/datenschutzerklaerung\/\" rel=\"noopener\" target=\"_blank\">Datenschutzerkl\u00e4rung<\/a><br \/>\n<strong>Copyright<\/strong><br \/>\nDie Texte und Bilder dieser Webseite und deren Unterseiten sind urheberrechtlich gesch\u00fctzt (ausgenommen historische Bilder). Sie d\u00fcrfen nur f\u00fcr private Zwecke und in Ausschnitten genutzt werden und auch nur, wenn Sie &#8222;essen-sued.de&#8220; als Quelle erw\u00e4hnen und direkt auf die jeweilige Seite von essen-sued.de verlinken. Die Kopie eines kompletten Beitrags oder seine Ver\u00e4nderung aufbauend auf den Originaltexten und Bildern ohne die ausdr\u00fcckliche Erlaubnis der Initiative Essen-S\u00fcd\u00a0 ist nicht erlaubt.<\/p>\n","protected":false},"excerpt":{"rendered":"<p>Anbieterin und Verantwortliche der Webseite i.S.d. TDG\/ MDStV: Dorothea Herrmann Schornstr. 7, 45128 Essen Mail: mail@essen-sued.de Ich sichte die Webseiten, auf die von hier aus verlinkt wird, und pr\u00fcfe, ob auf diesen Seiten alles rechtens ist. Trotzdem kann ich keine Garantie daf\u00fcr \u00fcbernehmen, dass dort z.B. nicht Gesetze verletzt werden (verbotene Inhalte, Urheber-, Marken- oder [&hellip;]<\/p>\n","protected":false},"author":1,"featured_media":0,"parent":0,"menu_order":0,"comment_status":"open","ping_status":"open","template":"","meta":{"footnotes":""},"class_list":["post-29","page","type-page","status-publish","hentry"],"_links":{"self":[{"href":"https:\/\/essen-sued.de\/website\/wp-json\/wp\/v2\/pages\/29","targetHints":{"allow":["GET"]}}],"collection":[{"href":"https:\/\/essen-sued.de\/website\/wp-json\/wp\/v2\/pages"}],"about":[{"href":"https:\/\/essen-sued.de\/website\/wp-json\/wp\/v2\/types\/page"}],"author":[{"embeddable":true,"href":"https:\/\/essen-sued.de\/website\/wp-json\/wp\/v2\/users\/1"}],"replies":[{"embeddable":true,"href":"https:\/\/essen-sued.de\/website\/wp-json\/wp\/v2\/comments?post=29"}],"version-history":[{"count":4,"href":"https:\/\/essen-sued.de\/website\/wp-json\/wp\/v2\/pages\/29\/revisions"}],"predecessor-version":[{"id":350,"href":"https:\/\/essen-sued.de\/website\/wp-json\/wp\/v2\/pages\/29\/revisions\/350"}],"wp:attachment":[{"href":"https:\/\/essen-sued.de\/website\/wp-json\/wp\/v2\/media?parent=29"}],"curies":[{"name":"wp","href":"https:\/\/api.w.org\/{rel}","templated":true}]}}