{"id":21,"date":"2013-09-27T17:51:36","date_gmt":"2013-09-27T17:51:36","guid":{"rendered":"http:\/\/essen-sued.de\/website\/?page_id=21"},"modified":"2018-06-03T12:04:42","modified_gmt":"2018-06-03T12:04:42","slug":"veranstaltungen","status":"publish","type":"page","link":"https:\/\/essen-sued.de\/website\/die-initiative-2\/veranstaltungen\/","title":{"rendered":"Veranstaltungen der &#8222;Ini S\u00fcd&#8220;"},"content":{"rendered":"<p><strong>03.10.2013   &#8222;Betriebsausflug&#8220; der Initiative Essen-S\u00fcd zur Hattinger Isenburg<\/strong><br \/>\nStrahlender Sonnenschein begleitete uns auf unserem (gef\u00fchlt) sp\u00e4tsommerlichen Ausflug, an dem nicht nur das &#8222;Kernteam&#8220; der Initiative, sondern auch andere Interessierte aus Essen-S\u00fcd teilnahmen.<br \/>\nNach dem zeitweise ein wenig atemlos machenden Aufstieg vom S-Bahnhof Nierenhof aus erreichten wir die Burgruine \u00fcber den buchenbestandenen Bergr\u00fccken.<br \/>\nDie Ruine der Hattinger Isenburg erinnert an dramatische Geschehnisse in unserem Raum w\u00e4hrend des fr\u00fchen 13. Jahrhundert, die auch Stadt und Stift Essen massiv betroffen haben. Wilfried Sauter erl\u00e4uterte vor Ort die historischen und geografischen Zusammenh\u00e4nge zum damaligen Erzbischof Engelbert (vgl. ehem. Engelbert-Kirche in E.-S\u00fcd) und zur Essener Isenburg im Stadtwald. Nach ihrer Zerst\u00f6rung schlief die Hattinger Isenburg jahrhundertelang einen Dornr\u00f6schenschlaf als bewaldeter Schutthaufen, sie wurde erst in den letzten 40 Jahren arch\u00e4ologisch erschlossen. Auch wenn die Hattinger Isenburg mit ihren Ruinen heute nicht mehr so m\u00e4chtig wirkt: Sie erstreckt sich \u00fcber 250 m auf dem Bergr\u00fccken hoch \u00fcber der Ruhr und ist damit noch gr\u00f6\u00dfer als die Wartburg. Wer gern mehr wissen m\u00f6chte, wird auf der <a href=\"https:\/\/de.wikipedia.org\/wiki\/Isenburg_%28Hattingen%29\" title=\"Wikipedia-Seite zur Isenburg Hattingen\" target=\"_blank\">Wikipedia-Seite zur Isenburg<\/a> f\u00fcndig.<br \/>\nNach einem Picknick genossen wir den Spaziergang auf dem Leinpfad nach Hattingen in der Abendsonne, bevor es per S-Bahn zur\u00fcck nach Essen ging.<\/p>\n<p>&nbsp;<\/p>\n<p><strong>27.04.2013\u00a0 Stadtteilrundgang: Neues auch f\u00fcr &#8222;Alt-Eingesessene&#8220;<\/strong><br \/>\nFast 30 Interessierte waren der Einladung zur &#8222;Spurensuche&#8220; gefolgt. Wilfried Sauter, Historiker und seit 35 Jahren in Essen S\u00fcd lebend, erl\u00e4uterte, wie aus dem landwirtschaftlich gepr\u00e4gten Vorfeld der kleinen Stadt Essen in wenigen Jahrzehnten ein dicht bebauter und besiedelter Stadtteil wurde.\u00a0 H\u00e4user erz\u00e4hlen Geschichten &#8211; und machen Geschichte lebendig.\u00a0 Alte Karten und Bilder aus der Vorkriegszeit erg\u00e4nzten den Blick auf das, was hier und jetzt im Viertel zu sehen ist. Und da viele der Teilnehmenden selbst seit langem in Essen-S\u00fcd wohnen, gab es immer wieder Erinnerungen und Ankn\u00fcpfungspunkte untereinander: Die Br\u00f6tchen vom B\u00e4cker Dinsing, die Torten von Mutert, das wunderbare Brachgel\u00e4nde zum Spielen (heute: Schulviertel) &#8230;<\/p>\n<p>&nbsp;<\/p>\n<p><strong>18.04.2013\u00a0\u00a0 Spurensuche in Essen-S\u00fcd. Einladung\u00a0 zum Stadtteilgang.<\/strong><br \/>\nEin historischer Rundgang durch Essen-S\u00fcd am Samstag, den 27. April 2013,\u00a0 ist die erste \u00f6ffentliche Aktivit\u00e4t der neuen &#8222;Initiative Essen-S\u00fcd&#8220;. Anhand sichtbarer Spuren im Viertel wird der Historiker Wilfried Sauter erl\u00e4utern, wie sich dieser st\u00e4dtische Raum in den letzten 150 Jahren entwickelt hat und dabei die Vielfalt des Viertels bewusst machen. Die Tour beginnt um 14:00 Uhr an der ehemaligen Engelbertkirche (Chorforum) an der Ecke Rellinghauser Stra\u00dfe \/ Hohenzollernstra\u00dfe. Die Strecke bis zum Ziel im Umfeld der Rosastra\u00dfe betr\u00e4gt knapp drei Kilometer. Die Teilnahme ist kostenlos, aus organisatorischen Gr\u00fcnden wird um eine Anmeldung per Mail (mail@essen-sued.de) oder telefonisch 0201\/786336\u00a0(Herrmann) gebeten. Im Anschluss an die Tour besteht bei einer kleinen Einkehr die M\u00f6glichkeit zum Austausch.<\/p>\n","protected":false},"excerpt":{"rendered":"<p>03.10.2013 &#8222;Betriebsausflug&#8220; der Initiative Essen-S\u00fcd zur Hattinger Isenburg Strahlender Sonnenschein begleitete uns auf unserem (gef\u00fchlt) sp\u00e4tsommerlichen Ausflug, an dem nicht nur das &#8222;Kernteam&#8220; der Initiative, sondern auch andere Interessierte aus Essen-S\u00fcd teilnahmen. Nach dem zeitweise ein wenig atemlos machenden Aufstieg vom S-Bahnhof Nierenhof aus erreichten wir die Burgruine \u00fcber den buchenbestandenen Bergr\u00fccken. Die Ruine der [&hellip;]<\/p>\n","protected":false},"author":1,"featured_media":0,"parent":19,"menu_order":1,"comment_status":"open","ping_status":"open","template":"","meta":{"footnotes":""},"class_list":["post-21","page","type-page","status-publish","hentry"],"_links":{"self":[{"href":"https:\/\/essen-sued.de\/website\/wp-json\/wp\/v2\/pages\/21","targetHints":{"allow":["GET"]}}],"collection":[{"href":"https:\/\/essen-sued.de\/website\/wp-json\/wp\/v2\/pages"}],"about":[{"href":"https:\/\/essen-sued.de\/website\/wp-json\/wp\/v2\/types\/page"}],"author":[{"embeddable":true,"href":"https:\/\/essen-sued.de\/website\/wp-json\/wp\/v2\/users\/1"}],"replies":[{"embeddable":true,"href":"https:\/\/essen-sued.de\/website\/wp-json\/wp\/v2\/comments?post=21"}],"version-history":[{"count":10,"href":"https:\/\/essen-sued.de\/website\/wp-json\/wp\/v2\/pages\/21\/revisions"}],"predecessor-version":[{"id":346,"href":"https:\/\/essen-sued.de\/website\/wp-json\/wp\/v2\/pages\/21\/revisions\/346"}],"up":[{"embeddable":true,"href":"https:\/\/essen-sued.de\/website\/wp-json\/wp\/v2\/pages\/19"}],"wp:attachment":[{"href":"https:\/\/essen-sued.de\/website\/wp-json\/wp\/v2\/media?parent=21"}],"curies":[{"name":"wp","href":"https:\/\/api.w.org\/{rel}","templated":true}]}}