{"id":191,"date":"2013-10-06T11:50:31","date_gmt":"2013-10-06T11:50:31","guid":{"rendered":"http:\/\/essen-sued.de\/website\/?page_id=191"},"modified":"2018-06-03T12:11:44","modified_gmt":"2018-06-03T12:11:44","slug":"veranstaltungen-in-essen-sud","status":"publish","type":"page","link":"https:\/\/essen-sued.de\/website\/im-lauf-der-zeit\/veranstaltungen-in-essen-sud\/","title":{"rendered":"Veranstaltungen in Essen-S\u00fcd"},"content":{"rendered":"<div class='et-box et-shadow'>\n\t\t\t\t\t<div class='et-box-content'>Immer wieder gibt es interessante und &#8222;besondere&#8220; Veranstaltungen in Essen-S\u00fcd.\nWir fischen aus Zeitungen, Plakaten usw. heraus, was uns auff\u00e4llt und was Ihnen auch gefallen k\u00f6nnte: kleine, feine Veranstaltungen im Quartier. Wir freuen uns \u00fcber entsprechende Hinweise!\nWir k\u00f6nnen keinen vollst\u00e4ndigen Veranstaltungskalender erstellen. Was im <a title=\"Website des Folkwang Museums Essen\" href=\"https:\/\/www.museum-folkwang.de\/\" target=\"_blank\">Folkwang Museum<\/a>, im <a title=\"Website des KWI - Kulturwissenschaftliches Institut essne\" href=\"http:\/\/www.kulturwissenschaften.de\/home\/index.html\" target=\"_blank\">Kulturwissenschaftlichen Institut &#8211; KWI<\/a> oder im <a title=\"Website des Chorforums Essen\" href=\"https:\/\/www.chorforum-essen.de\/\" target=\"_blank\">Chorforum<\/a> aktuell angeboten wird, finden Sie auf deren Websites.<\/div><\/div>\n<p>&nbsp;<\/p>\n<p><strong>20. und 21.11.2015: &#8222;Adventsmarkt der H\u00e4ndlergemeinschaft Kaufhaus S\u00fcd&#8220;<\/strong><br \/>\nEin Programm f\u00fcr die ganze Familie erwartet Sie Freitag, d. 20.11. (17 &#8211; 21 h) und Samstag, d. 21.11. (14 &#8211; 21 h) auf dem Parkplatz des K\u00fcchenstudios Menger (zwischen Isenberg- und Friederikenstr.): Vorweihnachtliche St\u00e4nde, Leckereien und Getr\u00e4nke, Aktionen und Aktivit\u00e4ten f\u00fcr Erwachsene (Foto-Shooting, Grammophonmusik, Basteln) und f\u00fcr Kinder (Schminken, Luftballon-K\u00fcnstler, Bilderbuch-Kino mit Lesung) &#8211; all das haben die beteiligten H\u00e4ndler\/innen und Gastronom\/innen vorbereitet.<\/p>\n<p>&nbsp;<\/p>\n<p><strong>09.11.2015: &#8222;SteinPoesie. Ein Lebens-Gang zur Erinnerung &#8211; ganz nah.&#8220;<\/strong><br \/>\nDie B\u00fcrgerinitiative &#8222;Stolpersteine in Essen-S\u00fcd&#8220; l\u00e4dt zu einem ca. einst\u00fcndigen Rundgang ein. Treffpunkt: 19 h an der Kreuzung Von-Einem-Str. \/ Von-Seeckt-Str.<br \/>\nAuf dem Gang wird an den im April 2015 in beiden Stra\u00dfen verlegten 25 Stolpersteinen der Geschichte von Verfolgten gedacht. Lebensg\u00e4nge von Verfolgten werden in Gedichten und Augenzeugenberichten lebendig, musikalisch begleitet.<\/p>\n<p>&nbsp;<\/p>\n<p><strong>07. und 08.11.2015: Herbstmarkt &#8222;ARTenVIELFALT&#8220; in der Hofwerkstatt, Sibyllastr. 15<\/strong><br \/>\n\u00d6ffnungszeiten: Sa, 07.11.2015: 12 &#8211; 19 h, So, 08.11.2015: 11 &#8211; 18 h<br \/>\nIm 11. Jahr findet der Herbstmarkt mit K\u00fcnstlern wie Kunsthandwerkern aus dem gesamten Ruhrgebiet statt. \u201eARTenVIELFALT pr\u00e4sentiert sich mit acht hochwertigen Gewerken in den atmosph\u00e4risch angenehmen R\u00e4umen der HOFWERKSTATT sowie  im Innenhof der Sibyllastrasse 15\u201c &#8211; so lockt die Werkstatt zum Besuch.<br \/>\nMehr dazu auf: <a title=\"Website der Hofwerkstatt\" href=\"https:\/\/www.hofwerkstatt.de\" target=\"_blank\">www.hofwerkstatt.de<\/a><\/p>\n<p>&nbsp;<\/p>\n<p><strong>Sa, 02.05.2015, 15.00 h: Veranstaltung &#8222;Erinnerungskultur in Essen&#8220;<br \/>\nChorforum Essen (ehem. St. Engelbert-Kirche an der Kronprinzenstra\u00dfe)<br \/>\n<\/strong>Die Stolperstein-Initiativen Essen-S\u00fcd und Essen-Steele\u00a0 m\u00f6chten\u00a0 auf einer \u00f6ffentlichen Veranstaltung fragen und diskutieren, welche &#8222;Erinnerungskultur in Essen&#8220; gepflegt wird. Dies soll nicht nur im lokalen Saft schmorend geschehen, weitere ImpulsgeberInnen aus Sao Paulo, aus Berlin etc. sind eingeladen. Neben inhaltlichen Impulsen wird es ein k\u00fcnstlerisches Begleitprogramm des K\u00fcnstlerduos Sago geben.<\/p>\n<p>&nbsp;<\/p>\n<p><strong>Di, 28.04.2015, ab ca. 09.00 h: Verlegung von &#8222;Stolpersteinen&#8220; in der Von-Seeckt-Str.<\/strong><br \/>\nDer K\u00fcnstler G. Demnig verlegt insgesamt 25 Stolpersteine vor den H\u00e4usern Von-Seeckt-Str. 32 und 47. Auf diesen Grundst\u00fccken standen einst die sog. &#8222;Judenh\u00e4user&#8220;, in denen j\u00fcdische Mitb\u00fcrgerInnen von den Nazis gezwungenerma\u00dfen untergebracht wurden, bevor sie sp\u00e4ter deportiert und umgebracht wurden.<br \/>\nMehr zum Hintergrund finden Sie <a href=\"https:\/\/www.irmgard-und-ortrud.de\/holocaust-opfer.html\" target=\"_blank\">hier&gt;&gt;<\/a><\/p>\n<p>&nbsp;<\/p>\n<p><strong>Di, 28.04.2015, 20.00 h : Benefizveranstaltung &#8222;Kunststolpern f\u00fcr STOLPERSTEINE&#8220;<br \/>\nim Gemeindesaal der Ev. Reformations-Kirchengemeinde R\u00fcttenscheid, Julienstra\u00dfe 39, 45130 Essen <\/strong><br \/>\nMusik, Chanson, Rezitation, Schauspiel mit den Sagos und G\u00e4sten\u00a0 &#8211; mehr dazu auf der <a title=\"Link zur Benefizveranstaltung f\u00fcr die Stolpersteine\" href=\"https:\/\/www.sago-kultour.de\/programm?p=2\" target=\"_blank\">Sago Programmseite &gt;&gt;<\/a><br \/>\nMit 29 \u20ac f\u00fcr den k\u00fcnstlerischen Genuss, f\u00fcr Fingerfood und f\u00fcr den guten Zweck k\u00f6nnen Sie dabei sein.<\/p>\n<p>&nbsp;<\/p>\n<p><strong>Fr &#8211; So, 06. &#8211; 08.12.2013: Kulturfest im Kiez<\/strong><br \/>\nim &#8222;<strong>Kiosk<\/strong>&#8220; Ecke Annastr.\/Brigittastr. (fr\u00fcher &#8222;Anne Bude&#8220;).<br \/>\nFr, 06.12., ab 19.00 h: S\u00e4ngerin S\u00f3nnica Yepes und Musiker Jean-Yves Braun (Jazz)<br \/>\nSa, 07.12., ab 19.00 h: Lesung von Al\u00e9a Torik (Claus Heck) aus dem Roman &#8222;Al\u00e9as Ich&#8220;<br \/>\nSo, 08.12., ab 15.00 h: Jochen Renz zeigt &#8222;Kunst, die auf den Deckel geht&#8220;<\/p>\n<p><strong>Regelm\u00e4\u00dfiges Programm im &#8222;Kiosk&#8220;<\/strong>: Jeden Freitag ab 19 h (Jazz und anderes) und Sonntag ab 15.00 h<\/p>\n<p>&nbsp;<\/p>\n<p><strong>Samstag, 30.11.2013: d e s i g n m a r k t t a g 2013<\/strong><br \/>\nVon 14:00 bis 19:00 Uhr gestalten 23 Designer aus dem Kreis der \u201eruhrdesigner\u201c den designmarkttag 2013 in der City-Messehalle (Rottstra\u00dfe 26), nur wenige Meter vom GOP-Variet\u00e9 entfernt (okay &#8211; nicht mehr ganz &#8222;S\u00fcdviertel&#8220;, aber auch wirklich nicht weit weg!). Dabei werden die \u201eruhrdesigner\u201c in Zusammenarbeit mit der Mail\u00e4nder K\u00fcnstlerin Letizia Gatto das Projekt Kinderlachen e.V. unterst\u00fctzen. Mehr <a title=\"Website zur Veranstaltung Designmarkt 2013\" href=\"https:\/\/www.ruhrdesigner.net\/?p=897\" target=\"_blank\">&gt;&gt;<\/a><\/p>\n<p>&nbsp;<\/p>\n<p><strong>Sonntag, 10.11.2013: VOM SUCHEN UND FINDEN SCH\u00d6NER DINGE. Kreativmarkt der Design-Nomaden, Witteringstr. 20\/22<\/strong><br \/>\n\u00d6ffnungszeit: 11 &#8211; 18 h<br \/>\nMode, Schmuck, Wohnaccessoires, Fotografie und mehr werden im neuen Domizil des Fotostudios &#8222;Lichtschacht&#8220; geboten. Und die Kniftenschmiede sorgt f\u00fcrs leibliche Wohl.<br \/>\nMehr unter: <a href=\"https:\/\/facebook.com\/designnomaden\" target=\"_blank\">facebook.com\/designnomaden<\/a><\/p>\n<p>&nbsp;<\/p>\n<p><strong>12. und 13.10.2013: Herbstmarkt &#8222;ARTenVIELFALT&#8220; in der Hofwerkstatt, Sibyllastr. 15<\/strong><br \/>\n\u00d6ffnungszeiten: Sa, 12.10.2013: 12 &#8211; 19 h, So, 13.10.2013: 11 &#8211; 18 h<br \/>\nZum neunten Mal findet der Herbstmarkt mit K\u00fcnstlern wie Kunsthandwerkern aus dem gesamten Ruhrgebiet statt. Mehr dazu auf: <a title=\"Website der Hofwerkstatt\" href=\"https:\/\/www.hofwerkstatt.de\" target=\"_blank\">www.hofwerkstatt.de<\/a><\/p>\n","protected":false},"excerpt":{"rendered":"<p>&nbsp; 20. und 21.11.2015: &#8222;Adventsmarkt der H\u00e4ndlergemeinschaft Kaufhaus S\u00fcd&#8220; Ein Programm f\u00fcr die ganze Familie erwartet Sie Freitag, d. 20.11. (17 &#8211; 21 h) und Samstag, d. 21.11. (14 &#8211; 21 h) auf dem Parkplatz des K\u00fcchenstudios Menger (zwischen Isenberg- und Friederikenstr.): Vorweihnachtliche St\u00e4nde, Leckereien und Getr\u00e4nke, Aktionen und Aktivit\u00e4ten f\u00fcr Erwachsene (Foto-Shooting, Grammophonmusik, Basteln) [&hellip;]<\/p>\n","protected":false},"author":1,"featured_media":0,"parent":25,"menu_order":0,"comment_status":"open","ping_status":"open","template":"","meta":{"footnotes":""},"class_list":["post-191","page","type-page","status-publish","hentry"],"_links":{"self":[{"href":"https:\/\/essen-sued.de\/website\/wp-json\/wp\/v2\/pages\/191","targetHints":{"allow":["GET"]}}],"collection":[{"href":"https:\/\/essen-sued.de\/website\/wp-json\/wp\/v2\/pages"}],"about":[{"href":"https:\/\/essen-sued.de\/website\/wp-json\/wp\/v2\/types\/page"}],"author":[{"embeddable":true,"href":"https:\/\/essen-sued.de\/website\/wp-json\/wp\/v2\/users\/1"}],"replies":[{"embeddable":true,"href":"https:\/\/essen-sued.de\/website\/wp-json\/wp\/v2\/comments?post=191"}],"version-history":[{"count":24,"href":"https:\/\/essen-sued.de\/website\/wp-json\/wp\/v2\/pages\/191\/revisions"}],"predecessor-version":[{"id":348,"href":"https:\/\/essen-sued.de\/website\/wp-json\/wp\/v2\/pages\/191\/revisions\/348"}],"up":[{"embeddable":true,"href":"https:\/\/essen-sued.de\/website\/wp-json\/wp\/v2\/pages\/25"}],"wp:attachment":[{"href":"https:\/\/essen-sued.de\/website\/wp-json\/wp\/v2\/media?parent=191"}],"curies":[{"name":"wp","href":"https:\/\/api.w.org\/{rel}","templated":true}]}}