{"id":13,"date":"2013-09-27T16:50:24","date_gmt":"2013-09-27T16:50:24","guid":{"rendered":"http:\/\/essen-sued.de\/website\/?page_id=13"},"modified":"2013-09-27T17:12:55","modified_gmt":"2013-09-27T17:12:55","slug":"architektur","status":"publish","type":"page","link":"https:\/\/essen-sued.de\/website\/portrat-essen-sud\/architektur\/","title":{"rendered":"Architektur"},"content":{"rendered":"<p>Demn\u00e4chst mehr &#8230;<\/p>\n<p>&#8230; zu gr\u00fcnderzeitlichen Stra\u00dfenz\u00fcgen<\/p>\n<p>&#8230; zu Jugendstil-H\u00e4usern<\/p>\n<p>&#8230; zu interessanten Neubauten der Nachkriegszeit<\/p>\n<p>&#8230; zu Kleinoden und Baus\u00fcnden <\/p>\n","protected":false},"excerpt":{"rendered":"<p>Demn\u00e4chst mehr &#8230; &#8230; zu gr\u00fcnderzeitlichen Stra\u00dfenz\u00fcgen &#8230; zu Jugendstil-H\u00e4usern &#8230; zu interessanten Neubauten der Nachkriegszeit &#8230; zu Kleinoden und Baus\u00fcnden<\/p>\n","protected":false},"author":1,"featured_media":0,"parent":9,"menu_order":2,"comment_status":"open","ping_status":"open","template":"","meta":{"footnotes":""},"class_list":["post-13","page","type-page","status-publish","hentry"],"_links":{"self":[{"href":"https:\/\/essen-sued.de\/website\/wp-json\/wp\/v2\/pages\/13","targetHints":{"allow":["GET"]}}],"collection":[{"href":"https:\/\/essen-sued.de\/website\/wp-json\/wp\/v2\/pages"}],"about":[{"href":"https:\/\/essen-sued.de\/website\/wp-json\/wp\/v2\/types\/page"}],"author":[{"embeddable":true,"href":"https:\/\/essen-sued.de\/website\/wp-json\/wp\/v2\/users\/1"}],"replies":[{"embeddable":true,"href":"https:\/\/essen-sued.de\/website\/wp-json\/wp\/v2\/comments?post=13"}],"version-history":[{"count":2,"href":"https:\/\/essen-sued.de\/website\/wp-json\/wp\/v2\/pages\/13\/revisions"}],"predecessor-version":[{"id":40,"href":"https:\/\/essen-sued.de\/website\/wp-json\/wp\/v2\/pages\/13\/revisions\/40"}],"up":[{"embeddable":true,"href":"https:\/\/essen-sued.de\/website\/wp-json\/wp\/v2\/pages\/9"}],"wp:attachment":[{"href":"https:\/\/essen-sued.de\/website\/wp-json\/wp\/v2\/media?parent=13"}],"curies":[{"name":"wp","href":"https:\/\/api.w.org\/{rel}","templated":true}]}}